{"id":844,"date":"2026-04-02T07:25:08","date_gmt":"2026-04-02T07:25:08","guid":{"rendered":"https:\/\/socioforma.si\/?page_id=844"},"modified":"2026-04-02T07:36:26","modified_gmt":"2026-04-02T07:36:26","slug":"socialni-servis","status":"publish","type":"page","link":"https:\/\/socioforma.si\/en\/socialni-servis\/","title":{"rendered":"SOCIALNI SERVIS"},"content":{"rendered":"<p>V sklopu programa socialnega servisa se pri Zavodu Socioforma se ukvarjamo z izbolj\u0161anjem kakovosti \u017eivljenja starej\u0161ih oseb prek dru\u017eabni\u0161tva in socialne vklju\u010denosti. Socialni servis kot dejavnost obsega pomo\u010d pri hi\u0161nih in drugih opravilih, ki jo potrebujejo ljudje zaradi starosti, invalidnosti ali drugih okoli\u0161\u010din, da se lahko aktivno vklju\u010dujejo v vsakdanje \u017eivljenje. Na\u0161a trenutne aktivnosti so usmerjene v nematerialno podporo: organiziramo dru\u017eabne igre, prijetne kavne odmore s pogovori, spro\u0161\u010dene sprehode, ustvarjalne delavnice in druge oblike dru\u017eenja, ki pomagajo zmanj\u0161evati osamljenost, ohranjati socialne stike in spodbujati du\u0161evno ter \u010dustveno po\u010dutje posameznikov. Tako starej\u0161im omogo\u010damo, da ostanejo aktivni, cenjeni in povezani s skupnostjo. Starej\u0161e obiskujemo v lokalnih domovih za starej\u0161e ali v njihovem lastnem domu.<\/p>\n\n\n\n<p>Socialni servis ne sodi v podro\u010dje javne slu\u017ebe. Socialni servis izvajamo prostovoljci in je brezpla\u010dna.<\/p>\n\n\n\n<p>Kako pa to izgleda v praksi? Uporabniki pridobijo zaupanja vrednega sogovornika in spremljevalca, ki jim polep\u0161a dan, poslu\u0161a njihove zgodbe in jim pomaga ohranjati rutino ter veselje do \u017eivljenja. S svojo dejavnostjo \u017eelimo prina\u0161ati toplino, \u010dlove\u0161ko bli\u017eino in ob\u010dutek, da niso sami.<\/p>\n\n\n\n<p>Spodaj je nekaj utrinkov iz Doma dr. Janka Benedika Radovljica &#8211; Enota Naklo<\/p>\n\n\n\t\t\t\t\t<div\n\t\t\t\t\t\tclass=\"wp-block-uagb-image-gallery uagb-block-4e473bc9\"\n\t\t\t\t\t\tstyle=\"\"\n\t\t\t\t\t>\n\t\t\t\t\t\t\t\t\t\t\t<div class=\"spectra-image-gallery spectra-image-gallery__layout--masonry spectra-image-gallery__layout--masonry-col-3 spectra-image-gallery__layout--masonry-col-tab-3 spectra-image-gallery__layout--masonry-col-mob-2\">\n\t\t\t\t\t\t\t\t\t\t\t<div class='spectra-image-gallery__media-wrapper--isotope'>\n\t\t\t\t\t\t\t<div class='spectra-image-gallery__media-wrapper' data-spectra-gallery-image-id='850' tabindex=\"0\">\n\t\t\t\t\t\t\t<div class=\"spectra-image-gallery__media spectra-image-gallery__media--masonry\">\n\t\t\t\t<picture>\n\t\t\t\t\t<source media=\"(min-width: 1024px)\" srcset=\"https:\/\/socioforma.si\/wp-content\/uploads\/2026\/04\/650068463_916193757931900_2049363439246244588_n-1-768x1024.jpg\">\n\t\t\t\t\t<source media=\"(min-width: 768px)\" srcset=\"https:\/\/socioforma.si\/wp-content\/uploads\/2026\/04\/650068463_916193757931900_2049363439246244588_n-1-768x1024.jpg\">\n\t\t\t\t\t<img decoding=\"async\" class=\"spectra-image-gallery__media-thumbnail spectra-image-gallery__media-thumbnail--masonry\" src=\"https:\/\/socioforma.si\/wp-content\/uploads\/2026\/04\/650068463_916193757931900_2049363439246244588_n-1-225x300.jpg\" alt=\"\" loading=\"lazy\" \/>\n\t\t\t\t<\/picture>\n\t\t\t\t<div class=\"spectra-image-gallery__media-thumbnail-blurrer\"><\/div>\n\t\t\t\t\t\t\t\t\t\t\t<div class=\"spectra-image-gallery__media-thumbnail-caption-wrapper spectra-image-gallery__media-thumbnail-caption-wrapper--overlay\"><\/div>\n\t\t\t\t\t\t\t\t<\/div>\n\t\t\t\t\t\t<\/div>\n\t\t\t\t\t\t<\/div>\n\t\t\t\t\t\t<div class='spectra-image-gallery__media-wrapper--isotope'>\n\t\t\t\t\t\t\t<div class='spectra-image-gallery__media-wrapper' data-spectra-gallery-image-id='847' tabindex=\"0\">\n\t\t\t\t\t\t\t<div class=\"spectra-image-gallery__media spectra-image-gallery__media--masonry\">\n\t\t\t\t<picture>\n\t\t\t\t\t<source media=\"(min-width: 1024px)\" srcset=\"https:\/\/socioforma.si\/wp-content\/uploads\/2026\/04\/647598869_25927767850225178_4754637110071431226_n-1024x768.jpg\">\n\t\t\t\t\t<source media=\"(min-width: 768px)\" srcset=\"https:\/\/socioforma.si\/wp-content\/uploads\/2026\/04\/647598869_25927767850225178_4754637110071431226_n-1024x768.jpg\">\n\t\t\t\t\t<img decoding=\"async\" class=\"spectra-image-gallery__media-thumbnail spectra-image-gallery__media-thumbnail--masonry\" src=\"https:\/\/socioforma.si\/wp-content\/uploads\/2026\/04\/647598869_25927767850225178_4754637110071431226_n-300x225.jpg\" alt=\"\" loading=\"lazy\" \/>\n\t\t\t\t<\/picture>\n\t\t\t\t<div class=\"spectra-image-gallery__media-thumbnail-blurrer\"><\/div>\n\t\t\t\t\t\t\t\t\t\t\t<div class=\"spectra-image-gallery__media-thumbnail-caption-wrapper spectra-image-gallery__media-thumbnail-caption-wrapper--overlay\"><\/div>\n\t\t\t\t\t\t\t\t<\/div>\n\t\t\t\t\t\t<\/div>\n\t\t\t\t\t\t<\/div>\n\t\t\t\t\t\t<div class='spectra-image-gallery__media-wrapper--isotope'>\n\t\t\t\t\t\t\t<div class='spectra-image-gallery__media-wrapper' data-spectra-gallery-image-id='846' tabindex=\"0\">\n\t\t\t\t\t\t\t<div class=\"spectra-image-gallery__media spectra-image-gallery__media--masonry\">\n\t\t\t\t<picture>\n\t\t\t\t\t<source media=\"(min-width: 1024px)\" srcset=\"https:\/\/socioforma.si\/wp-content\/uploads\/2026\/04\/643486965_951106307453383_2429022955964812739_n-1024x768.jpg\">\n\t\t\t\t\t<source media=\"(min-width: 768px)\" srcset=\"https:\/\/socioforma.si\/wp-content\/uploads\/2026\/04\/643486965_951106307453383_2429022955964812739_n-1024x768.jpg\">\n\t\t\t\t\t<img decoding=\"async\" class=\"spectra-image-gallery__media-thumbnail spectra-image-gallery__media-thumbnail--masonry\" src=\"https:\/\/socioforma.si\/wp-content\/uploads\/2026\/04\/643486965_951106307453383_2429022955964812739_n-300x225.jpg\" alt=\"\" loading=\"lazy\" \/>\n\t\t\t\t<\/picture>\n\t\t\t\t<div class=\"spectra-image-gallery__media-thumbnail-blurrer\"><\/div>\n\t\t\t\t\t\t\t\t\t\t\t<div class=\"spectra-image-gallery__media-thumbnail-caption-wrapper spectra-image-gallery__media-thumbnail-caption-wrapper--overlay\"><\/div>\n\t\t\t\t\t\t\t\t<\/div>\n\t\t\t\t\t\t<\/div>\n\t\t\t\t\t\t<\/div>\n\t\t\t\t\t\t<div class='spectra-image-gallery__media-wrapper--isotope'>\n\t\t\t\t\t\t\t<div class='spectra-image-gallery__media-wrapper' data-spectra-gallery-image-id='839' tabindex=\"0\">\n\t\t\t\t\t\t\t<div class=\"spectra-image-gallery__media spectra-image-gallery__media--masonry\">\n\t\t\t\t<picture>\n\t\t\t\t\t<source media=\"(min-width: 1024px)\" srcset=\"https:\/\/socioforma.si\/wp-content\/uploads\/2026\/04\/648884557_1467152538339720_8889158348186996183_n-768x1024.jpg\">\n\t\t\t\t\t<source media=\"(min-width: 768px)\" srcset=\"https:\/\/socioforma.si\/wp-content\/uploads\/2026\/04\/648884557_1467152538339720_8889158348186996183_n-768x1024.jpg\">\n\t\t\t\t\t<img decoding=\"async\" class=\"spectra-image-gallery__media-thumbnail spectra-image-gallery__media-thumbnail--masonry\" src=\"https:\/\/socioforma.si\/wp-content\/uploads\/2026\/04\/648884557_1467152538339720_8889158348186996183_n-225x300.jpg\" alt=\"\" loading=\"lazy\" \/>\n\t\t\t\t<\/picture>\n\t\t\t\t<div class=\"spectra-image-gallery__media-thumbnail-blurrer\"><\/div>\n\t\t\t\t\t\t\t\t\t\t\t<div class=\"spectra-image-gallery__media-thumbnail-caption-wrapper spectra-image-gallery__media-thumbnail-caption-wrapper--overlay\"><\/div>\n\t\t\t\t\t\t\t\t<\/div>\n\t\t\t\t\t\t<\/div>\n\t\t\t\t\t\t<\/div>\n\t\t\t\t\t\t<div class='spectra-image-gallery__media-wrapper--isotope'>\n\t\t\t\t\t\t\t<div class='spectra-image-gallery__media-wrapper' data-spectra-gallery-image-id='849' tabindex=\"0\">\n\t\t\t\t\t\t\t<div class=\"spectra-image-gallery__media spectra-image-gallery__media--masonry\">\n\t\t\t\t<picture>\n\t\t\t\t\t<source media=\"(min-width: 1024px)\" srcset=\"https:\/\/socioforma.si\/wp-content\/uploads\/2026\/04\/649670467_961350366328385_1889147425986654956_n-1024x768.jpg\">\n\t\t\t\t\t<source media=\"(min-width: 768px)\" srcset=\"https:\/\/socioforma.si\/wp-content\/uploads\/2026\/04\/649670467_961350366328385_1889147425986654956_n-1024x768.jpg\">\n\t\t\t\t\t<img decoding=\"async\" class=\"spectra-image-gallery__media-thumbnail spectra-image-gallery__media-thumbnail--masonry\" src=\"https:\/\/socioforma.si\/wp-content\/uploads\/2026\/04\/649670467_961350366328385_1889147425986654956_n-300x225.jpg\" alt=\"\" loading=\"lazy\" \/>\n\t\t\t\t<\/picture>\n\t\t\t\t<div class=\"spectra-image-gallery__media-thumbnail-blurrer\"><\/div>\n\t\t\t\t\t\t\t\t\t\t\t<div class=\"spectra-image-gallery__media-thumbnail-caption-wrapper spectra-image-gallery__media-thumbnail-caption-wrapper--overlay\"><\/div>\n\t\t\t\t\t\t\t\t<\/div>\n\t\t\t\t\t\t<\/div>\n\t\t\t\t\t\t<\/div>\n\t\t\t\t\t\t\t\t\t\t<\/div>\n\t\t\t\t\t\t\t\t\t\t\t\t\t\t\t\t\t\t<\/div>","protected":false},"excerpt":{"rendered":"<p>V sklopu programa socialnega servisa se pri Zavodu Socioforma se ukvarjamo z izbolj\u0161anjem kakovosti \u017eivljenja starej\u0161ih oseb prek dru\u017eabni\u0161tva in socialne vklju\u010denosti. Socialni servis kot dejavnost obsega pomo\u010d pri hi\u0161nih in drugih opravilih, ki jo potrebujejo ljudje zaradi starosti, invalidnosti ali drugih okoli\u0161\u010din, da se lahko aktivno vklju\u010dujejo v vsakdanje \u017eivljenje. Na\u0161a trenutne aktivnosti so [&hellip;]<\/p>\n","protected":false},"author":1,"featured_media":0,"parent":0,"menu_order":0,"comment_status":"closed","ping_status":"closed","template":"","meta":{"_uag_custom_page_level_css":"","footnotes":""},"class_list":["post-844","page","type-page","status-publish","hentry"],"blocksy_meta":[],"uagb_featured_image_src":{"full":false,"thumbnail":false,"medium":false,"medium_large":false,"large":false,"1536x1536":false,"2048x2048":false,"trp-custom-language-flag":false},"uagb_author_info":{"display_name":"Socioforma","author_link":"https:\/\/socioforma.si\/en\/author\/socioforma\/"},"uagb_comment_info":0,"uagb_excerpt":"V sklopu programa socialnega servisa se pri Zavodu Socioforma se ukvarjamo z izbolj\u0161anjem kakovosti \u017eivljenja starej\u0161ih oseb prek dru\u017eabni\u0161tva in socialne vklju\u010denosti. Socialni servis kot dejavnost obsega pomo\u010d pri hi\u0161nih in drugih opravilih, ki jo potrebujejo ljudje zaradi starosti, invalidnosti ali drugih okoli\u0161\u010din, da se lahko aktivno vklju\u010dujejo v vsakdanje \u017eivljenje. Na\u0161a trenutne aktivnosti so&hellip;","_links":{"self":[{"href":"https:\/\/socioforma.si\/en\/wp-json\/wp\/v2\/pages\/844","targetHints":{"allow":["GET"]}}],"collection":[{"href":"https:\/\/socioforma.si\/en\/wp-json\/wp\/v2\/pages"}],"about":[{"href":"https:\/\/socioforma.si\/en\/wp-json\/wp\/v2\/types\/page"}],"author":[{"embeddable":true,"href":"https:\/\/socioforma.si\/en\/wp-json\/wp\/v2\/users\/1"}],"replies":[{"embeddable":true,"href":"https:\/\/socioforma.si\/en\/wp-json\/wp\/v2\/comments?post=844"}],"version-history":[{"count":7,"href":"https:\/\/socioforma.si\/en\/wp-json\/wp\/v2\/pages\/844\/revisions"}],"predecessor-version":[{"id":864,"href":"https:\/\/socioforma.si\/en\/wp-json\/wp\/v2\/pages\/844\/revisions\/864"}],"wp:attachment":[{"href":"https:\/\/socioforma.si\/en\/wp-json\/wp\/v2\/media?parent=844"}],"curies":[{"name":"wp","href":"https:\/\/api.w.org\/{rel}","templated":true}]}}