{"id":808,"date":"2026-02-25T09:04:32","date_gmt":"2026-02-25T09:04:32","guid":{"rendered":"https:\/\/socioforma.si\/?page_id=808"},"modified":"2026-02-25T09:09:17","modified_gmt":"2026-02-25T09:09:17","slug":"razbremenitev-kot-preventiva","status":"publish","type":"page","link":"https:\/\/socioforma.si\/en\/razbremenitev-kot-preventiva\/","title":{"rendered":"Razbremenitev kot preventiva"},"content":{"rendered":"<p>Pri zavodu smo usmerjeni v celostne prakse, kjer skrbimo tudi za krepitev fizi\u010dnega zdravja, ki nadalje vpliva na na\u0161o emocionalno in mentalno zdravje. Pravzaprav se ti trije nivoji med seboj prepletajo, sodelujejo in vplivajo. V hitrem svetu v katerem \u017eivimo, potrebujemo najprej trenutek oddiha (\u0161e bolj\u0161e pa izdiha), trenutek razbremenitve. \u0160ele kasneje se lahko lotimo konkretnih pristopov s katerimi bomo spremenili svoj \u017eivljenjski slog, ki je prava preventiva za zdravstvene izzive. <\/p>\n\n\n\n<p>Prepri\u010dani smo, da je fizi\u010dno zdravje le odraz procesov na neotipljivi ravni. Na primer, psiholo\u0161ki svet posameznika, ki s svojimi mentalnimi slikami vpliva na svoje razpolo\u017eenje, ta pa se lahko odra\u017ea kot simptom na fizi\u010dnem telesu. Neviden, ampak \u0161e bolj o\u010diten nivo je emocionalni nivo, ki vpliva na razpolo\u017eenje posameznika, na energijo, na splo\u0161no po\u010dutje, ki pa se lahko (dolgoro\u010dno) poka\u017ee kot simptom na fizi\u010dnem telesu. <\/p>\n\n\n\n<p>Pri zgornjih trditvah izhajamo iz teorij Tradicionalne kitajske medicine (TKM), ki na \u010dloveka in dru\u017ebo gleda celostno. To pomeni, da upo\u0161teva vse ravni \u010dlovekove du\u0161evnosti in i\u0161\u010de njihovo sti\u010dno to\u010dko. <\/p>\n\n\n\n<p>V zavodu Socioforma se ukvarjamo z delom TKM-ja, ki se ukvarja s tuino masa\u017eo. Gre za masa\u017eo, ki upo\u0161teva na\u010dela TKM, uporablja tehnike, ki krepijo telo in duha, deluje na preventivi, upo\u0161teva \u010dlovekov celoten energijski sistem potom meridianov in akupresurnih to\u010dk. <\/p>\n\n\n\n<p>V kolikor se \u017eelite naro\u010diti na masa\u017eo, pi\u0161ite na: oliver.masaze@gmail.com. Masa\u017ee se izvajajo v Kranju, Jelen\u010deva ulica 1.<\/p>","protected":false},"excerpt":{"rendered":"<p>Pri zavodu smo usmerjeni v celostne prakse, kjer skrbimo tudi za krepitev fizi\u010dnega zdravja, ki nadalje vpliva na na\u0161o emocionalno in mentalno zdravje. Pravzaprav se ti trije nivoji med seboj prepletajo, sodelujejo in vplivajo. V hitrem svetu v katerem \u017eivimo, potrebujemo najprej trenutek oddiha (\u0161e bolj\u0161e pa izdiha), trenutek razbremenitve. \u0160ele kasneje se lahko lotimo [&hellip;]<\/p>\n","protected":false},"author":1,"featured_media":0,"parent":0,"menu_order":0,"comment_status":"closed","ping_status":"closed","template":"","meta":{"_uag_custom_page_level_css":"","footnotes":""},"class_list":["post-808","page","type-page","status-publish","hentry"],"blocksy_meta":[],"uagb_featured_image_src":{"full":false,"thumbnail":false,"medium":false,"medium_large":false,"large":false,"1536x1536":false,"2048x2048":false,"trp-custom-language-flag":false},"uagb_author_info":{"display_name":"Socioforma","author_link":"https:\/\/socioforma.si\/en\/author\/socioforma\/"},"uagb_comment_info":0,"uagb_excerpt":"Pri zavodu smo usmerjeni v celostne prakse, kjer skrbimo tudi za krepitev fizi\u010dnega zdravja, ki nadalje vpliva na na\u0161o emocionalno in mentalno zdravje. Pravzaprav se ti trije nivoji med seboj prepletajo, sodelujejo in vplivajo. V hitrem svetu v katerem \u017eivimo, potrebujemo najprej trenutek oddiha (\u0161e bolj\u0161e pa izdiha), trenutek razbremenitve. \u0160ele kasneje se lahko lotimo&hellip;","_links":{"self":[{"href":"https:\/\/socioforma.si\/en\/wp-json\/wp\/v2\/pages\/808","targetHints":{"allow":["GET"]}}],"collection":[{"href":"https:\/\/socioforma.si\/en\/wp-json\/wp\/v2\/pages"}],"about":[{"href":"https:\/\/socioforma.si\/en\/wp-json\/wp\/v2\/types\/page"}],"author":[{"embeddable":true,"href":"https:\/\/socioforma.si\/en\/wp-json\/wp\/v2\/users\/1"}],"replies":[{"embeddable":true,"href":"https:\/\/socioforma.si\/en\/wp-json\/wp\/v2\/comments?post=808"}],"version-history":[{"count":5,"href":"https:\/\/socioforma.si\/en\/wp-json\/wp\/v2\/pages\/808\/revisions"}],"predecessor-version":[{"id":814,"href":"https:\/\/socioforma.si\/en\/wp-json\/wp\/v2\/pages\/808\/revisions\/814"}],"wp:attachment":[{"href":"https:\/\/socioforma.si\/en\/wp-json\/wp\/v2\/media?parent=808"}],"curies":[{"name":"wp","href":"https:\/\/api.w.org\/{rel}","templated":true}]}}