{"id":764,"date":"2026-02-22T17:51:22","date_gmt":"2026-02-22T17:51:22","guid":{"rendered":"https:\/\/socioforma.si\/?page_id=764"},"modified":"2026-04-02T07:38:04","modified_gmt":"2026-04-02T07:38:04","slug":"astro-smerkoaz","status":"publish","type":"page","link":"https:\/\/socioforma.si\/en\/astro-smerkoaz\/","title":{"rendered":"ASTRO SMEROKAZ"},"content":{"rendered":"<p>Astro smerokaz so konzultacije oziroma svetovanja za osebne in poslovne namene. Konzultacije se izvajajo v \u017eivo, ena-na-ena, kjer na podlagi va\u0161ih rojstnih podatkov izveste ve\u010d o sebi in \u017eeljenih podro\u010djih \u017eivljenja potom analize natalne karte. Gre za metodo in znanja iz astrologije, ki izhajajo iz vedske tradicije, zato se (lahko) razlikujejo od metod in rezultatov zahodnih astrolo\u0161kih \u0161ol. V kolikor sre\u010danje v \u017eivo ni mo\u017eno, se analiza natalne karte opravi pisno in\/ali preko spletnega video klica.<\/p>\n\n\n\n<p>Razlogi za svetovanje so lahko razli\u010dni: spoznavanje svojih mentalnih in emocionalnih vzorcev, \u017eelja po spremembah na fizi\u010dnem, \u010dustvenem in mentalnem nivoju, potreba po usmeritvah na pomembnih \u017eivljenjskih podro\u010djih, pomo\u010d in smernice pri kariernih odlo\u010ditvah, kompatibilnost v partnerskih odnosih, ugoden trenutek za za\u010detek ali zaklju\u010dek pomembnega \u017eivljenjskega dogodka. <\/p>\n\n\n\n<p>V kolikor se \u017eeliti naro\u010diti na svetovanje, izpolnite spodnji obrazec.<\/p>\n\n\n\n\n\n<div class=\"forminator-guttenberg\"><div class=\"forminator-ui forminator-custom-form forminator-custom-form-827 forminator-design--default  forminator_ajax\" data-forminator-render=\"0\" data-form=\"forminator-module-827\" data-uid=\"69e35b9ddb200\"><br\/><\/div><form\n\t\t\t\tid=\"forminator-module-827\"\n\t\t\t\tclass=\"forminator-ui forminator-custom-form forminator-custom-form-827 forminator-design--default  forminator_ajax\"\n\t\t\t\tmethod=\"post\"\n\t\t\t\tdata-forminator-render=\"0\"\n\t\t\t\tdata-form-id=\"827\"\n\t\t\t\t data-color-option=\"theme\" data-design=\"default\" data-grid=\"open\" style=\"display: none;\"\n\t\t\t\tdata-uid=\"69e35b9ddb200\" action=\"\"\n\t\t\t><div role=\"alert\" aria-live=\"polite\" class=\"forminator-response-message forminator-error\" aria-hidden=\"true\"><\/div><div class=\"forminator-row\"><div id=\"name-1\" class=\"forminator-field-name forminator-col forminator-col-12\"><div class=\"forminator-field\"><label for=\"forminator-field-name-1_69e35b9ddb200\" id=\"forminator-field-name-1_69e35b9ddb200-label\" class=\"forminator-label\">Ime in priimek <span class=\"forminator-required\">*<\/span><\/label><input type=\"text\" name=\"name-1\" value=\"\" placeholder=\"\" id=\"forminator-field-name-1_69e35b9ddb200\" class=\"forminator-input forminator-name--field\" aria-required=\"true\" autocomplete=\"name\" \/><\/div><\/div><\/div><div class=\"forminator-row\"><div id=\"email-1\" class=\"forminator-field-email forminator-col forminator-col-12\"><div class=\"forminator-field\"><label for=\"forminator-field-email-1_69e35b9ddb200\" id=\"forminator-field-email-1_69e35b9ddb200-label\" class=\"forminator-label\">Elektronski naslov <span class=\"forminator-required\">*<\/span><\/label><input type=\"email\" name=\"email-1\" value=\"\" placeholder=\"\" id=\"forminator-field-email-1_69e35b9ddb200\" class=\"forminator-input forminator-email--field\" data-required=\"true\" aria-required=\"true\" autocomplete=\"email\" \/><\/div><\/div><\/div><div class=\"forminator-row\"><div id=\"date-1\" class=\"forminator-field-date forminator-col forminator-col-12\"><div class=\"forminator-field\"><label for=\"forminator-field-date-1-picker_69e35b9ddb200\" id=\"forminator-field-date-1-picker_69e35b9ddb200-label\" class=\"forminator-label\">Datum rojstva <span class=\"forminator-required\">*<\/span><\/label><div class=\"forminator-input-with-icon\"><span class=\"forminator-icon-calendar\" aria-hidden=\"true\"><\/span><input autocomplete=\"off\" type=\"text\" size=\"1\" name=\"date-1\" value=\"\" placeholder=\"Izberite datum in letnico\" id=\"forminator-field-date-1-picker_69e35b9ddb200\" class=\"forminator-input forminator-datepicker\" data-required=\"1\" data-format=\"dd-mm-yy\" data-restrict-type=\"\" data-restrict=\"\" data-start-year=\"1926\" data-end-year=\"2126\" data-past-dates=\"enable\" data-start-of-week=\"1\" data-start-date=\"\" data-end-date=\"\" data-start-field=\"\" data-end-field=\"\" data-start-offset=\"\" data-end-offset=\"\" data-disable-date=\"\" data-disable-range=\"\" \/><\/div><\/div><\/div><\/div><div class=\"forminator-row\"><div id=\"time-1\" class=\"forminator-field-time forminator-col forminator-col-12\"><label for=\"forminator-field-time-1\" id=\"forminator-field-time-1-label\" class=\"forminator-label\">Ura rojstva<\/label><div class=\"forminator-timepicker\" ><div class=\"forminator-row\" data-multiple=\"true\"><div id=\"time-1-hours\" class=\"forminator-col forminator-col-6\"><div class=\"forminator-field\"><label for=\"forminator-field-time-1-hours_69e35b9ddb200\" id=\"forminator-field-time-1-hours_69e35b9ddb200-label\" class=\"forminator-label\">Ura<\/label><input type=\"number\" name=\"time-1-hours\" min=\"0\" max=\"23\" placeholder=\"\" id=\"forminator-field-time-1-hours_69e35b9ddb200\" class=\"forminator-input time-hours\" data-field=\"hours\" value=\"\" \/><\/div><\/div><div id=\"time-1-minutes\" class=\"forminator-col forminator-col-6\"><div class=\"forminator-field\"><label for=\"forminator-field-time-1-minutes_69e35b9ddb200\" id=\"forminator-field-time-1-minutes_69e35b9ddb200-label\" class=\"forminator-label\">Minuta<\/label><input type=\"number\" min=\"0\" max=\"59\" name=\"time-1-minutes\" placeholder=\"\" id=\"forminator-field-time-1-minutes_69e35b9ddb200\" class=\"forminator-input time-minutes\" data-field=\"minutes\" value=\"\" \/><\/div><\/div><\/div><\/div><\/div><\/div><div class=\"forminator-row\"><div id=\"text-1\" class=\"forminator-field-text forminator-col forminator-col-12\"><div class=\"forminator-field\"><label for=\"forminator-field-text-1_69e35b9ddb200\" id=\"forminator-field-text-1_69e35b9ddb200-label\" class=\"forminator-label\">Mesto rojstva <span class=\"forminator-required\">*<\/span><\/label><input type=\"text\" name=\"text-1\" value=\"\" placeholder=\"\" id=\"forminator-field-text-1_69e35b9ddb200\" class=\"forminator-input forminator-name--field\" data-required=\"1\" \/><\/div><\/div><\/div><div class=\"forminator-row\"><div id=\"text-2\" class=\"forminator-field-text forminator-col forminator-col-12\"><div class=\"forminator-field\"><label for=\"forminator-field-text-2_69e35b9ddb200\" id=\"forminator-field-text-2_69e35b9ddb200-label\" class=\"forminator-label\">Dr\u017eava rojstva <span class=\"forminator-required\">*<\/span><\/label><input type=\"text\" name=\"text-2\" value=\"\" placeholder=\"\" id=\"forminator-field-text-2_69e35b9ddb200\" class=\"forminator-input forminator-name--field\" data-required=\"1\" \/><\/div><\/div><\/div><div class=\"forminator-row\"><div id=\"textarea-1\" class=\"forminator-field-textarea forminator-col forminator-col-12\"><div class=\"forminator-field\"><label for=\"forminator-field-textarea-1_69e35b9ddb200\" id=\"forminator-field-textarea-1_69e35b9ddb200-label\" class=\"forminator-label\">Katero podro\u010dje \u017eivljenja vas najbolj zanima?<\/label><span id=\"forminator-field-textarea-1_69e35b9ddb200-description\" class=\"forminator-description\"><span data-limit=\"180\" data-type=\"characters\" data-editor=\"\">0 \/ 180<\/span><\/span><textarea name=\"textarea-1\" placeholder=\"\" id=\"forminator-field-textarea-1_69e35b9ddb200\" class=\"forminator-textarea\" rows=\"6\" style=\"min-height:140px;\" maxlength=\"180\" ><\/textarea><\/div><\/div><\/div><input type=\"hidden\" name=\"referer_url\" value=\"\" \/><div class=\"forminator-row forminator-row-last\"><div class=\"forminator-col\"><div class=\"forminator-field\"><button class=\"forminator-button forminator-button-submit\">Po&scaron;lji<\/button><\/div><\/div><\/div><input type=\"hidden\" id=\"forminator_nonce\" name=\"forminator_nonce\" value=\"a8927b8e86\" \/><input type=\"hidden\" name=\"_wp_http_referer\" value=\"\/en\/wp-json\/wp\/v2\/pages\/764\" \/><input type=\"hidden\" name=\"form_id\" value=\"827\"><input type=\"hidden\" name=\"page_id\" value=\"764\"><input type=\"hidden\" name=\"form_type\" value=\"default\"><input type=\"hidden\" name=\"current_url\" value=\"https:\/\/socioforma.si\/en\/astro-smerkoaz\/\"><input type=\"hidden\" name=\"render_id\" value=\"0\"><input type=\"hidden\" name=\"action\" value=\"forminator_submit_form_custom-forms\"><input type=\"hidden\" name=\"trp-form-language\" value=\"en\"\/><\/form><\/div>","protected":false},"excerpt":{"rendered":"<p>Astro smerokaz so konzultacije oziroma svetovanja za osebne in poslovne namene. Konzultacije se izvajajo v \u017eivo, ena-na-ena, kjer na podlagi va\u0161ih rojstnih podatkov izveste ve\u010d o sebi in \u017eeljenih podro\u010djih \u017eivljenja potom analize natalne karte. Gre za metodo in znanja iz astrologije, ki izhajajo iz vedske tradicije, zato se (lahko) razlikujejo od metod in rezultatov [&hellip;]<\/p>\n","protected":false},"author":1,"featured_media":0,"parent":0,"menu_order":0,"comment_status":"closed","ping_status":"closed","template":"","meta":{"_uag_custom_page_level_css":"","footnotes":""},"class_list":["post-764","page","type-page","status-publish","hentry"],"blocksy_meta":[],"uagb_featured_image_src":{"full":false,"thumbnail":false,"medium":false,"medium_large":false,"large":false,"1536x1536":false,"2048x2048":false,"trp-custom-language-flag":false},"uagb_author_info":{"display_name":"Socioforma","author_link":"https:\/\/socioforma.si\/en\/author\/socioforma\/"},"uagb_comment_info":0,"uagb_excerpt":"Astro smerokaz so konzultacije oziroma svetovanja za osebne in poslovne namene. Konzultacije se izvajajo v \u017eivo, ena-na-ena, kjer na podlagi va\u0161ih rojstnih podatkov izveste ve\u010d o sebi in \u017eeljenih podro\u010djih \u017eivljenja potom analize natalne karte. Gre za metodo in znanja iz astrologije, ki izhajajo iz vedske tradicije, zato se (lahko) razlikujejo od metod in rezultatov&hellip;","_links":{"self":[{"href":"https:\/\/socioforma.si\/en\/wp-json\/wp\/v2\/pages\/764","targetHints":{"allow":["GET"]}}],"collection":[{"href":"https:\/\/socioforma.si\/en\/wp-json\/wp\/v2\/pages"}],"about":[{"href":"https:\/\/socioforma.si\/en\/wp-json\/wp\/v2\/types\/page"}],"author":[{"embeddable":true,"href":"https:\/\/socioforma.si\/en\/wp-json\/wp\/v2\/users\/1"}],"replies":[{"embeddable":true,"href":"https:\/\/socioforma.si\/en\/wp-json\/wp\/v2\/comments?post=764"}],"version-history":[{"count":11,"href":"https:\/\/socioforma.si\/en\/wp-json\/wp\/v2\/pages\/764\/revisions"}],"predecessor-version":[{"id":865,"href":"https:\/\/socioforma.si\/en\/wp-json\/wp\/v2\/pages\/764\/revisions\/865"}],"wp:attachment":[{"href":"https:\/\/socioforma.si\/en\/wp-json\/wp\/v2\/media?parent=764"}],"curies":[{"name":"wp","href":"https:\/\/api.w.org\/{rel}","templated":true}]}}