{"id":705,"date":"2026-01-21T09:56:33","date_gmt":"2026-01-21T09:56:33","guid":{"rendered":"https:\/\/socioforma.si\/?page_id=705"},"modified":"2026-01-21T09:59:10","modified_gmt":"2026-01-21T09:59:10","slug":"razvojno-in-poslovno-svetovanje","status":"publish","type":"page","link":"https:\/\/socioforma.si\/en\/razvojno-in-poslovno-svetovanje\/","title":{"rendered":"RAZVOJNO IN POSLOVNO SVETOVANJE"},"content":{"rendered":"<p>Zavod Socioforma nudi celostno razvojno in poslovno svetovanje za organizacije, iniciative in posameznike, ki delujejo na podro\u010dju dru\u017eboslovja, humanitarnega dela, kulture, umetnosti, socialnega varstva, zdravja, okoljevarstva in trajnostnega razvoja. Specializirani smo za <strong>pripravo kakovostnih projektnih prijav<\/strong> na nacionalne in mednarodne razpise (npr. Erasmus+, CERV, Kreativna Evropa, Horizon, Interreg, nacionalni in lokalni razpisi ministrstev, ob\u010din itd.), predvsem za projekte z izrazitim dru\u017ebenim u\u010dinkom.<\/p>\n\n\n\n<p>Na\u0161e delo temelji na poglobljenem razumevanju dru\u017ebenih izzivov in ciljnih skupin, kot so <strong>otroci in mladostniki, starej\u0161i, invalidi, migranti, begunci, prostovoljci ter ranljive in marginalizirane skupine<\/strong>. Podpiramo projekte s podro\u010dij du\u0161evnega zdravja, sociologije zdravja, preventive in paliativne oskrbe, medgeneracijskega sodelovanja, prostovoljstva, mladinskega dela, socialne vklju\u010denosti, integracije, podnebnih sprememb in varovanja okolja, pa tudi digitalizacije in uporabe sodobnih orodij v dru\u017ebeno-koristne namene.<\/p>\n\n\n\n<p>Delujemo kot <strong>razvojni partner<\/strong> ali zgolj kot zunanji pisec prijav. Skupaj z naro\u010dniki soustvarjamo projektne ideje, razvijamo logi\u010dne in izvedljive projektne zasnove, oblikujemo cilje, kazalnike, prora\u010dune, \u010dasovnice ter trajnostne modele delovanja. Posebno pozornost namenjamo kakovostni analizi potreb, vklju\u010devanju ciljnih skupin, medsektorskemu in mednarodnemu sodelovanju ter dolgoro\u010dnim u\u010dinkom projektov.<\/p>\n\n\n\n<p>Poleg pisanja projektnih prijav nudimo tudi <strong>svetovanje pri razvoju organizacij<\/strong>, vzpostavitvi partnerstev, digitalnih re\u0161itev (spletne strani, baze podatkov, CRM sistemi), diseminaciji rezultatov ter strate\u0161kemu razmi\u0161ljanju o rasti, stabilnosti in dru\u017ebenem vplivu organizacij. Na\u0161 pristop je prilagodljiv, eti\u010den in utemeljen na izku\u0161njah iz prakse.<\/p>\n\n\n\n<p>Zavod Socioforma verjame v projekte, ki povezujejo ljudi, znanje in razli\u010dne sektorje ter prispevajo k bolj vklju\u010dujo\u010di, solidarni in odporni dru\u017ebi. Z veseljem sodelujemo z nevladnimi organizacijami, javnimi institucijami, izobra\u017eevalnimi ustanovami, raziskovalci, kulturnimi ustvarjalci in drugimi akterji, ki \u017eelijo svoje ideje pretvoriti v smiselne, financirane in trajnostne projekte.<\/p>\n\n\n\n<p><\/p>","protected":false},"excerpt":{"rendered":"<p>Zavod Socioforma nudi celostno razvojno in poslovno svetovanje za organizacije, iniciative in posameznike, ki delujejo na podro\u010dju dru\u017eboslovja, humanitarnega dela, kulture, umetnosti, socialnega varstva, zdravja, okoljevarstva in trajnostnega razvoja. Specializirani smo za pripravo kakovostnih projektnih prijav na nacionalne in mednarodne razpise (npr. Erasmus+, CERV, Kreativna Evropa, Horizon, Interreg, nacionalni in lokalni razpisi ministrstev, ob\u010din itd.), [&hellip;]<\/p>\n","protected":false},"author":1,"featured_media":0,"parent":0,"menu_order":0,"comment_status":"closed","ping_status":"closed","template":"","meta":{"_uag_custom_page_level_css":"","footnotes":""},"class_list":["post-705","page","type-page","status-publish","hentry"],"blocksy_meta":[],"uagb_featured_image_src":{"full":false,"thumbnail":false,"medium":false,"medium_large":false,"large":false,"1536x1536":false,"2048x2048":false,"trp-custom-language-flag":false},"uagb_author_info":{"display_name":"Socioforma","author_link":"https:\/\/socioforma.si\/en\/author\/socioforma\/"},"uagb_comment_info":0,"uagb_excerpt":"Zavod Socioforma nudi celostno razvojno in poslovno svetovanje za organizacije, iniciative in posameznike, ki delujejo na podro\u010dju dru\u017eboslovja, humanitarnega dela, kulture, umetnosti, socialnega varstva, zdravja, okoljevarstva in trajnostnega razvoja. Specializirani smo za pripravo kakovostnih projektnih prijav na nacionalne in mednarodne razpise (npr. Erasmus+, CERV, Kreativna Evropa, Horizon, Interreg, nacionalni in lokalni razpisi ministrstev, ob\u010din itd.),&hellip;","_links":{"self":[{"href":"https:\/\/socioforma.si\/en\/wp-json\/wp\/v2\/pages\/705","targetHints":{"allow":["GET"]}}],"collection":[{"href":"https:\/\/socioforma.si\/en\/wp-json\/wp\/v2\/pages"}],"about":[{"href":"https:\/\/socioforma.si\/en\/wp-json\/wp\/v2\/types\/page"}],"author":[{"embeddable":true,"href":"https:\/\/socioforma.si\/en\/wp-json\/wp\/v2\/users\/1"}],"replies":[{"embeddable":true,"href":"https:\/\/socioforma.si\/en\/wp-json\/wp\/v2\/comments?post=705"}],"version-history":[{"count":4,"href":"https:\/\/socioforma.si\/en\/wp-json\/wp\/v2\/pages\/705\/revisions"}],"predecessor-version":[{"id":710,"href":"https:\/\/socioforma.si\/en\/wp-json\/wp\/v2\/pages\/705\/revisions\/710"}],"wp:attachment":[{"href":"https:\/\/socioforma.si\/en\/wp-json\/wp\/v2\/media?parent=705"}],"curies":[{"name":"wp","href":"https:\/\/api.w.org\/{rel}","templated":true}]}}