{"id":122,"date":"2025-09-13T18:51:44","date_gmt":"2025-09-13T18:51:44","guid":{"rendered":"https:\/\/socioforma.si\/?page_id=122"},"modified":"2025-11-09T17:42:05","modified_gmt":"2025-11-09T17:42:05","slug":"info-in-kontakt","status":"publish","type":"page","link":"https:\/\/socioforma.si\/en\/info-in-kontakt\/","title":{"rendered":"Info in kontakt"},"content":{"rendered":"<p>Socioforma, Zavod za interdisciplinarna znanja in prakse<br>Krakovo 10, 4202 Naklo, Slovenija<br>Mati\u010dna \u0161tevilka: 9228322000<br>Dav\u010dna \u0161tevilka: 11143860<br>T:+38631422070<br>E: info@socioforma.si\u200b<\/p>","protected":false},"excerpt":{"rendered":"<p>Socioforma, Zavod za interdisciplinarna znanja in prakseKrakovo 10, 4202 Naklo, SlovenijaMati\u010dna \u0161tevilka: 9228322000Dav\u010dna \u0161tevilka: 11143860T:+38631422070E: info@socioforma.si\u200b<\/p>","protected":false},"author":1,"featured_media":0,"parent":0,"menu_order":0,"comment_status":"closed","ping_status":"closed","template":"page-no-title","meta":{"_uag_custom_page_level_css":"","footnotes":""},"class_list":["post-122","page","type-page","status-publish","hentry"],"blocksy_meta":[],"uagb_featured_image_src":{"full":false,"thumbnail":false,"medium":false,"medium_large":false,"large":false,"1536x1536":false,"2048x2048":false,"trp-custom-language-flag":false},"uagb_author_info":{"display_name":"Socioforma","author_link":"https:\/\/socioforma.si\/en\/author\/socioforma\/"},"uagb_comment_info":0,"uagb_excerpt":"Socioforma, Zavod za interdisciplinarna znanja in prakseKrakovo 10, 4202 Naklo, SlovenijaMati\u010dna \u0161tevilka: 9228322000Dav\u010dna \u0161tevilka: 11143860T:+38631422070E: info@socioforma.si\u200b","_links":{"self":[{"href":"https:\/\/socioforma.si\/en\/wp-json\/wp\/v2\/pages\/122","targetHints":{"allow":["GET"]}}],"collection":[{"href":"https:\/\/socioforma.si\/en\/wp-json\/wp\/v2\/pages"}],"about":[{"href":"https:\/\/socioforma.si\/en\/wp-json\/wp\/v2\/types\/page"}],"author":[{"embeddable":true,"href":"https:\/\/socioforma.si\/en\/wp-json\/wp\/v2\/users\/1"}],"replies":[{"embeddable":true,"href":"https:\/\/socioforma.si\/en\/wp-json\/wp\/v2\/comments?post=122"}],"version-history":[{"count":2,"href":"https:\/\/socioforma.si\/en\/wp-json\/wp\/v2\/pages\/122\/revisions"}],"predecessor-version":[{"id":629,"href":"https:\/\/socioforma.si\/en\/wp-json\/wp\/v2\/pages\/122\/revisions\/629"}],"wp:attachment":[{"href":"https:\/\/socioforma.si\/en\/wp-json\/wp\/v2\/media?parent=122"}],"curies":[{"name":"wp","href":"https:\/\/api.w.org\/{rel}","templated":true}]}}