{"id":120,"date":"2025-09-13T18:48:46","date_gmt":"2025-09-13T18:48:46","guid":{"rendered":"https:\/\/socioforma.si\/?page_id=120"},"modified":"2025-11-09T17:41:42","modified_gmt":"2025-11-09T17:41:42","slug":"donacije","status":"publish","type":"page","link":"https:\/\/socioforma.si\/en\/donacije\/","title":{"rendered":"Donacije"},"content":{"rendered":"<p>V kolikor \u017eelite donirati, nam \u017eeljen znesek po\u0161ljite na:<br><br><br>TRR: SI56 61000-0027532051<br>Rererenca: donacija<br>Ime: Zavod Socioforma<br>Naslov: Krakovo 10, 4202 Naklo<br><br><br><br>Najlep\u0161a HVALA za va\u0161 prostovoljni prispevek.\u00a0<br>S tem ste pripomogli k na\u0161emu neodvisnemu delovanju.<\/p>","protected":false},"excerpt":{"rendered":"<p>V kolikor \u017eelite donirati, nam \u017eeljen znesek po\u0161ljite na: TRR: SI56 61000-0027532051Rererenca: donacijaIme: Zavod SocioformaNaslov: Krakovo 10, 4202 Naklo Najlep\u0161a HVALA za va\u0161 prostovoljni prispevek.\u00a0S tem ste pripomogli k na\u0161emu neodvisnemu delovanju.<\/p>","protected":false},"author":1,"featured_media":0,"parent":0,"menu_order":0,"comment_status":"closed","ping_status":"closed","template":"page-no-title","meta":{"_uag_custom_page_level_css":"","footnotes":""},"class_list":["post-120","page","type-page","status-publish","hentry"],"blocksy_meta":[],"uagb_featured_image_src":{"full":false,"thumbnail":false,"medium":false,"medium_large":false,"large":false,"1536x1536":false,"2048x2048":false,"trp-custom-language-flag":false},"uagb_author_info":{"display_name":"Socioforma","author_link":"https:\/\/socioforma.si\/en\/author\/socioforma\/"},"uagb_comment_info":0,"uagb_excerpt":"V kolikor \u017eelite donirati, nam \u017eeljen znesek po\u0161ljite na: TRR: SI56 61000-0027532051Rererenca: donacijaIme: Zavod SocioformaNaslov: Krakovo 10, 4202 Naklo Najlep\u0161a HVALA za va\u0161 prostovoljni prispevek.\u00a0S tem ste pripomogli k na\u0161emu neodvisnemu delovanju.","_links":{"self":[{"href":"https:\/\/socioforma.si\/en\/wp-json\/wp\/v2\/pages\/120","targetHints":{"allow":["GET"]}}],"collection":[{"href":"https:\/\/socioforma.si\/en\/wp-json\/wp\/v2\/pages"}],"about":[{"href":"https:\/\/socioforma.si\/en\/wp-json\/wp\/v2\/types\/page"}],"author":[{"embeddable":true,"href":"https:\/\/socioforma.si\/en\/wp-json\/wp\/v2\/users\/1"}],"replies":[{"embeddable":true,"href":"https:\/\/socioforma.si\/en\/wp-json\/wp\/v2\/comments?post=120"}],"version-history":[{"count":4,"href":"https:\/\/socioforma.si\/en\/wp-json\/wp\/v2\/pages\/120\/revisions"}],"predecessor-version":[{"id":628,"href":"https:\/\/socioforma.si\/en\/wp-json\/wp\/v2\/pages\/120\/revisions\/628"}],"wp:attachment":[{"href":"https:\/\/socioforma.si\/en\/wp-json\/wp\/v2\/media?parent=120"}],"curies":[{"name":"wp","href":"https:\/\/api.w.org\/{rel}","templated":true}]}}