{"id":114,"date":"2025-09-13T18:31:24","date_gmt":"2025-09-13T18:31:24","guid":{"rendered":"https:\/\/socioforma.si\/?page_id=114"},"modified":"2026-03-01T20:47:41","modified_gmt":"2026-03-01T20:47:41","slug":"prostovoljstvo","status":"publish","type":"page","link":"https:\/\/socioforma.si\/en\/prostovoljstvo\/","title":{"rendered":"Prostovoljstvo"},"content":{"rendered":"<p><strong>Prostovoljstvo je v dana\u0161njem \u010dasu izjemno pomembno, saj spodbuja solidarnost, krepi skupnost in omogo\u010da posameznikom, da prispevajo k bolj\u0161emu svetu. V hitro spreminjajo\u010di se dru\u017ebi, kjer se pogosto sre\u010dujemo s socialno izolacijo, neenakostjo in okoljskimi izzivi, prostovoljstvo povezuje ljudi in ustvarja ob\u010dutek pripadnosti. Poleg tega prostovoljstvo posameznikom nudi prilo\u017enost za osebno rast, pridobivanje novih znanj in razvijanje so\u010dutja. S prostovoljstvom gradimo bolj pravi\u010dno in povezano dru\u017ebo.<\/strong><br><strong>\u200b<\/strong><br><strong>Ne glede na tvojo starost, spol, religijo, izobrazbo, te bomo veseli, da se nam pridru\u017ei\u0161. Spodaj izpolni prijavnico in po\u010dakaj na na\u0161 odgovor.<\/strong><\/p>\n\n\n\n\n<div class=\"forminator-ui forminator-custom-form forminator-custom-form-823 forminator-design--default  forminator_ajax\" data-forminator-render=\"0\" data-form=\"forminator-module-823\" data-uid=\"69e35b938d471\"><br\/><\/div><form\n\t\t\t\tid=\"forminator-module-823\"\n\t\t\t\tclass=\"forminator-ui forminator-custom-form forminator-custom-form-823 forminator-design--default  forminator_ajax\"\n\t\t\t\tmethod=\"post\"\n\t\t\t\tdata-forminator-render=\"0\"\n\t\t\t\tdata-form-id=\"823\"\n\t\t\t\t data-color-option=\"theme\" data-design=\"default\" data-grid=\"open\" style=\"display: none;\"\n\t\t\t\tdata-uid=\"69e35b938d471\" action=\"\"\n\t\t\t><div role=\"alert\" aria-live=\"polite\" class=\"forminator-response-message forminator-error\" aria-hidden=\"true\"><\/div><div class=\"forminator-row\"><div id=\"name-1\" class=\"forminator-field-name forminator-col forminator-col-12\"><div class=\"forminator-field\"><label for=\"forminator-field-name-1_69e35b938d471\" id=\"forminator-field-name-1_69e35b938d471-label\" class=\"forminator-label\">Ime in priimek <span class=\"forminator-required\">*<\/span><\/label><input type=\"text\" name=\"name-1\" value=\"\" placeholder=\"\" id=\"forminator-field-name-1_69e35b938d471\" class=\"forminator-input forminator-name--field\" aria-required=\"true\" autocomplete=\"name\" \/><\/div><\/div><\/div><div class=\"forminator-row\"><div id=\"email-1\" class=\"forminator-field-email forminator-col forminator-col-12\"><div class=\"forminator-field\"><label for=\"forminator-field-email-1_69e35b938d471\" id=\"forminator-field-email-1_69e35b938d471-label\" class=\"forminator-label\">Elektronski naslov <span class=\"forminator-required\">*<\/span><\/label><input type=\"email\" name=\"email-1\" value=\"\" placeholder=\"\" id=\"forminator-field-email-1_69e35b938d471\" class=\"forminator-input forminator-email--field\" data-required=\"true\" aria-required=\"true\" autocomplete=\"email\" \/><\/div><\/div><\/div><div class=\"forminator-row\"><div id=\"phone-1\" class=\"forminator-field-phone forminator-col forminator-col-12\"><div class=\"forminator-field\"><label for=\"forminator-field-phone-1_69e35b938d471\" id=\"forminator-field-phone-1_69e35b938d471-label\" class=\"forminator-label\">Telefonska \u0161tevilka<\/label><input type=\"text\" name=\"phone-1\" value=\"\" placeholder=\"\" id=\"forminator-field-phone-1_69e35b938d471\" class=\"forminator-input forminator-field--phone\" data-required=\"\" aria-required=\"false\" autocomplete=\"off\" \/><\/div><\/div><\/div><div class=\"forminator-row\"><div id=\"date-1\" class=\"forminator-field-date forminator-col forminator-col-12\"><div class=\"forminator-field\"><label for=\"forminator-field-date-1-picker_69e35b938d471\" id=\"forminator-field-date-1-picker_69e35b938d471-label\" class=\"forminator-label\">Datum rojstva<\/label><div class=\"forminator-input-with-icon\"><span class=\"forminator-icon-calendar\" aria-hidden=\"true\"><\/span><input autocomplete=\"off\" type=\"text\" size=\"1\" name=\"date-1\" value=\"\" placeholder=\"Izberite datum\" id=\"forminator-field-date-1-picker_69e35b938d471\" class=\"forminator-input forminator-datepicker\" data-required=\"\" data-format=\"dd-mm-yy\" data-restrict-type=\"\" data-restrict=\"\" data-start-year=\"1926\" data-end-year=\"2126\" data-past-dates=\"enable\" data-start-of-week=\"1\" data-start-date=\"\" data-end-date=\"\" data-start-field=\"\" data-end-field=\"\" data-start-offset=\"\" data-end-offset=\"\" data-disable-date=\"\" data-disable-range=\"\" \/><\/div><\/div><\/div><\/div><div class=\"forminator-row\"><div id=\"textarea-2\" class=\"forminator-field-textarea forminator-col forminator-col-12\"><div class=\"forminator-field\"><label for=\"forminator-field-textarea-2_69e35b938d471\" id=\"forminator-field-textarea-2_69e35b938d471-label\" class=\"forminator-label\">Va\u0161a izobrazba<\/label><textarea name=\"textarea-2\" placeholder=\"\" id=\"forminator-field-textarea-2_69e35b938d471\" class=\"forminator-textarea\" rows=\"6\" style=\"min-height:140px;\" ><\/textarea><\/div><\/div><\/div><div class=\"forminator-row\"><div id=\"textarea-3\" class=\"forminator-field-textarea forminator-col forminator-col-12\"><div class=\"forminator-field\"><label for=\"forminator-field-textarea-3_69e35b938d471\" id=\"forminator-field-textarea-3_69e35b938d471-label\" class=\"forminator-label\">Kak\u0161na so va\u0161a zanimanja? Kak\u0161ni so va\u0161i hobiji?<\/label><textarea name=\"textarea-3\" placeholder=\"\" id=\"forminator-field-textarea-3_69e35b938d471\" class=\"forminator-textarea\" rows=\"6\" style=\"min-height:140px;\" ><\/textarea><\/div><\/div><\/div><input type=\"hidden\" name=\"referer_url\" value=\"\" \/><div class=\"forminator-row forminator-row-last\"><div class=\"forminator-col\"><div class=\"forminator-field\"><button class=\"forminator-button forminator-button-submit\">Po&scaron;lji<\/button><\/div><\/div><\/div><input type=\"hidden\" id=\"forminator_nonce\" name=\"forminator_nonce\" value=\"a0ce92dd34\" \/><input type=\"hidden\" name=\"_wp_http_referer\" value=\"\/en\/wp-json\/wp\/v2\/pages\/114\" \/><input type=\"hidden\" name=\"form_id\" value=\"823\"><input type=\"hidden\" name=\"page_id\" value=\"114\"><input type=\"hidden\" name=\"form_type\" value=\"default\"><input type=\"hidden\" name=\"current_url\" value=\"https:\/\/socioforma.si\/en\/prostovoljstvo\/\"><input type=\"hidden\" name=\"render_id\" value=\"0\"><input type=\"hidden\" name=\"action\" value=\"forminator_submit_form_custom-forms\"><input type=\"hidden\" name=\"trp-form-language\" value=\"en\"\/><\/form>\n\n\n\n<p><\/p>","protected":false},"excerpt":{"rendered":"<p>Prostovoljstvo je v dana\u0161njem \u010dasu izjemno pomembno, saj spodbuja solidarnost, krepi skupnost in omogo\u010da posameznikom, da prispevajo k bolj\u0161emu svetu. V hitro spreminjajo\u010di se dru\u017ebi, kjer se pogosto sre\u010dujemo s socialno izolacijo, neenakostjo in okoljskimi izzivi, prostovoljstvo povezuje ljudi in ustvarja ob\u010dutek pripadnosti. Poleg tega prostovoljstvo posameznikom nudi prilo\u017enost za osebno rast, pridobivanje novih znanj [&hellip;]<\/p>\n","protected":false},"author":1,"featured_media":0,"parent":0,"menu_order":0,"comment_status":"closed","ping_status":"closed","template":"page-no-title","meta":{"_uag_custom_page_level_css":"","footnotes":""},"class_list":["post-114","page","type-page","status-publish","hentry"],"blocksy_meta":[],"uagb_featured_image_src":{"full":false,"thumbnail":false,"medium":false,"medium_large":false,"large":false,"1536x1536":false,"2048x2048":false,"trp-custom-language-flag":false},"uagb_author_info":{"display_name":"Socioforma","author_link":"https:\/\/socioforma.si\/en\/author\/socioforma\/"},"uagb_comment_info":0,"uagb_excerpt":"Prostovoljstvo je v dana\u0161njem \u010dasu izjemno pomembno, saj spodbuja solidarnost, krepi skupnost in omogo\u010da posameznikom, da prispevajo k bolj\u0161emu svetu. V hitro spreminjajo\u010di se dru\u017ebi, kjer se pogosto sre\u010dujemo s socialno izolacijo, neenakostjo in okoljskimi izzivi, prostovoljstvo povezuje ljudi in ustvarja ob\u010dutek pripadnosti. Poleg tega prostovoljstvo posameznikom nudi prilo\u017enost za osebno rast, pridobivanje novih znanj&hellip;","_links":{"self":[{"href":"https:\/\/socioforma.si\/en\/wp-json\/wp\/v2\/pages\/114","targetHints":{"allow":["GET"]}}],"collection":[{"href":"https:\/\/socioforma.si\/en\/wp-json\/wp\/v2\/pages"}],"about":[{"href":"https:\/\/socioforma.si\/en\/wp-json\/wp\/v2\/types\/page"}],"author":[{"embeddable":true,"href":"https:\/\/socioforma.si\/en\/wp-json\/wp\/v2\/users\/1"}],"replies":[{"embeddable":true,"href":"https:\/\/socioforma.si\/en\/wp-json\/wp\/v2\/comments?post=114"}],"version-history":[{"count":15,"href":"https:\/\/socioforma.si\/en\/wp-json\/wp\/v2\/pages\/114\/revisions"}],"predecessor-version":[{"id":825,"href":"https:\/\/socioforma.si\/en\/wp-json\/wp\/v2\/pages\/114\/revisions\/825"}],"wp:attachment":[{"href":"https:\/\/socioforma.si\/en\/wp-json\/wp\/v2\/media?parent=114"}],"curies":[{"name":"wp","href":"https:\/\/api.w.org\/{rel}","templated":true}]}}