{"id":109,"date":"2025-09-13T18:24:38","date_gmt":"2025-09-13T18:24:38","guid":{"rendered":"https:\/\/socioforma.si\/?page_id=109"},"modified":"2026-04-02T07:31:25","modified_gmt":"2026-04-02T07:31:25","slug":"oblikoforma","status":"publish","type":"page","link":"https:\/\/socioforma.si\/en\/oblikoforma\/","title":{"rendered":"Oblikoforma"},"content":{"rendered":"<p>Na likovnih delavnicah z Martino Ambro\u017e udele\u017eenci skozi spro\u0161\u010den in ustvarjalen proces razvijajo ob\u010dutek za likovno izra\u017eanje, raziskujejo razli\u010dne materiale in tehnike ter gradijo svoj lasten umetni\u0161ki izraz.<br><br>Delavnice vklju\u010dujejo:<br>\u200b<br>&#8211; risanje s svin\u010dniki, barvicami, ogljem, flomastri, slikanje z akrilnimi in akvarelnimi barvami, temperami,<br>&#8211; ustvarjanje kola\u017eev in eksperimentiranje z me\u0161animi tehnikami,<br>&#8211; spoznavanje osnov kompozicije, barvne teorije, svetlobe in sence,<br>&#8211; tematsko ustvarjanje in prosto likovno izra\u017eanje.<br><br>Za koga?<br>\u200b<br>&#8211; \u0161olski otroci (od 1. razreda dalje),<br>&#8211; odrasli \u2013 za\u010detniki in tisti z ve\u010d izku\u0161njami.<br><\/p>","protected":false},"excerpt":{"rendered":"<p>Na likovnih delavnicah z Martino Ambro\u017e udele\u017eenci skozi spro\u0161\u010den in ustvarjalen proces razvijajo ob\u010dutek za likovno izra\u017eanje, raziskujejo razli\u010dne materiale in tehnike ter gradijo svoj lasten umetni\u0161ki izraz. Delavnice vklju\u010dujejo:\u200b&#8211; risanje s svin\u010dniki, barvicami, ogljem, flomastri, slikanje z akrilnimi in akvarelnimi barvami, temperami,&#8211; ustvarjanje kola\u017eev in eksperimentiranje z me\u0161animi tehnikami,&#8211; spoznavanje osnov kompozicije, barvne teorije, [&hellip;]<\/p>\n","protected":false},"author":1,"featured_media":0,"parent":0,"menu_order":0,"comment_status":"closed","ping_status":"closed","template":"page-no-title","meta":{"_uag_custom_page_level_css":"","footnotes":""},"class_list":["post-109","page","type-page","status-publish","hentry"],"blocksy_meta":[],"uagb_featured_image_src":{"full":false,"thumbnail":false,"medium":false,"medium_large":false,"large":false,"1536x1536":false,"2048x2048":false,"trp-custom-language-flag":false},"uagb_author_info":{"display_name":"Socioforma","author_link":"https:\/\/socioforma.si\/en\/author\/socioforma\/"},"uagb_comment_info":0,"uagb_excerpt":"Na likovnih delavnicah z Martino Ambro\u017e udele\u017eenci skozi spro\u0161\u010den in ustvarjalen proces razvijajo ob\u010dutek za likovno izra\u017eanje, raziskujejo razli\u010dne materiale in tehnike ter gradijo svoj lasten umetni\u0161ki izraz. Delavnice vklju\u010dujejo:\u200b&#8211; risanje s svin\u010dniki, barvicami, ogljem, flomastri, slikanje z akrilnimi in akvarelnimi barvami, temperami,&#8211; ustvarjanje kola\u017eev in eksperimentiranje z me\u0161animi tehnikami,&#8211; spoznavanje osnov kompozicije, barvne teorije,&hellip;","_links":{"self":[{"href":"https:\/\/socioforma.si\/en\/wp-json\/wp\/v2\/pages\/109","targetHints":{"allow":["GET"]}}],"collection":[{"href":"https:\/\/socioforma.si\/en\/wp-json\/wp\/v2\/pages"}],"about":[{"href":"https:\/\/socioforma.si\/en\/wp-json\/wp\/v2\/types\/page"}],"author":[{"embeddable":true,"href":"https:\/\/socioforma.si\/en\/wp-json\/wp\/v2\/users\/1"}],"replies":[{"embeddable":true,"href":"https:\/\/socioforma.si\/en\/wp-json\/wp\/v2\/comments?post=109"}],"version-history":[{"count":3,"href":"https:\/\/socioforma.si\/en\/wp-json\/wp\/v2\/pages\/109\/revisions"}],"predecessor-version":[{"id":860,"href":"https:\/\/socioforma.si\/en\/wp-json\/wp\/v2\/pages\/109\/revisions\/860"}],"wp:attachment":[{"href":"https:\/\/socioforma.si\/en\/wp-json\/wp\/v2\/media?parent=109"}],"curies":[{"name":"wp","href":"https:\/\/api.w.org\/{rel}","templated":true}]}}