{"id":107,"date":"2025-09-13T18:23:25","date_gmt":"2025-09-13T18:23:25","guid":{"rendered":"https:\/\/socioforma.si\/?page_id=107"},"modified":"2025-11-09T17:37:52","modified_gmt":"2025-11-09T17:37:52","slug":"glasbene-in-zvocne-urice","status":"publish","type":"page","link":"https:\/\/socioforma.si\/en\/glasbene-in-zvocne-urice\/","title":{"rendered":"Glasbene in zvo\u010dne urice"},"content":{"rendered":"<div class=\"wp-block-uagb-container uagb-block-5b973ca1 alignfull uagb-is-root-container\"><div class=\"uagb-container-inner-blocks-wrap\">\n<p>Na\u0161 program glasbenih delavnic in zvo\u010dnih sprostitev je zasnovan posebej za otroke \u2013 da jih na igriv, spro\u0161\u010den in \u010duten na\u010din pove\u017ee z zvokom, ritmom in lastno notranjostjo.<br>Uporabljamo skrbno izbrane terapevtske in\u0161trumente, prilagojene otro\u0161ki starosti \u2013 mehke bobne, drobne kalimbe, zvon\u010dke, ropotulje, de\u017ene palice in druge prijazne glasbene pripomo\u010dke, ki so varni in primerni za raziskovanje z otro\u0161kimi rokami. Otroci lahko instrumente tudi sami preizku\u0161ajo, kar spodbuja njihovo radovednost, ustvarjalnost in samozaupanje.<br>\u200b<br>Delavnice vklju\u010dujejo:<br>igrivo raziskovanje razli\u010dnih zvokov,<br>osnovne sprostitvene in \u010duje\u010dnostne vaje,<br>poslu\u0161anje in ustvarjanje glasbenih zgodb,<br>skupinsko igro in izra\u017eanje skozi glasbo in gib.<br>\u200b<br>Kdaj? 1-krat tedensko<br>Cena: 55 \u20ac \/ mesec (4 termini na mesec)<br>\u200b<br>Program vodi izku\u0161ena Nina Mikoli\u010d, mentorica s podro\u010dja glasbene pedagogike in zvo\u010dne terapije, ki s toplino in razumevanjem ustvarja varno okolje za vsak otrokov korak v svet zvoka.<\/p>\n<\/div><\/div>","protected":false},"excerpt":{"rendered":"<p>Na\u0161 program glasbenih delavnic in zvo\u010dnih sprostitev je zasnovan posebej za otroke \u2013 da jih na igriv, spro\u0161\u010den in \u010duten na\u010din pove\u017ee z zvokom, ritmom in lastno notranjostjo.Uporabljamo skrbno izbrane terapevtske in\u0161trumente, prilagojene otro\u0161ki starosti \u2013 mehke bobne, drobne kalimbe, zvon\u010dke, ropotulje, de\u017ene palice in druge prijazne glasbene pripomo\u010dke, ki so varni in primerni za [&hellip;]<\/p>\n","protected":false},"author":1,"featured_media":0,"parent":0,"menu_order":0,"comment_status":"closed","ping_status":"closed","template":"page-no-title","meta":{"_uag_custom_page_level_css":"","footnotes":""},"class_list":["post-107","page","type-page","status-publish","hentry"],"blocksy_meta":[],"uagb_featured_image_src":{"full":false,"thumbnail":false,"medium":false,"medium_large":false,"large":false,"1536x1536":false,"2048x2048":false,"trp-custom-language-flag":false},"uagb_author_info":{"display_name":"Socioforma","author_link":"https:\/\/socioforma.si\/en\/author\/socioforma\/"},"uagb_comment_info":0,"uagb_excerpt":"Na\u0161 program glasbenih delavnic in zvo\u010dnih sprostitev je zasnovan posebej za otroke \u2013 da jih na igriv, spro\u0161\u010den in \u010duten na\u010din pove\u017ee z zvokom, ritmom in lastno notranjostjo.Uporabljamo skrbno izbrane terapevtske in\u0161trumente, prilagojene otro\u0161ki starosti \u2013 mehke bobne, drobne kalimbe, zvon\u010dke, ropotulje, de\u017ene palice in druge prijazne glasbene pripomo\u010dke, ki so varni in primerni za&hellip;","_links":{"self":[{"href":"https:\/\/socioforma.si\/en\/wp-json\/wp\/v2\/pages\/107","targetHints":{"allow":["GET"]}}],"collection":[{"href":"https:\/\/socioforma.si\/en\/wp-json\/wp\/v2\/pages"}],"about":[{"href":"https:\/\/socioforma.si\/en\/wp-json\/wp\/v2\/types\/page"}],"author":[{"embeddable":true,"href":"https:\/\/socioforma.si\/en\/wp-json\/wp\/v2\/users\/1"}],"replies":[{"embeddable":true,"href":"https:\/\/socioforma.si\/en\/wp-json\/wp\/v2\/comments?post=107"}],"version-history":[{"count":3,"href":"https:\/\/socioforma.si\/en\/wp-json\/wp\/v2\/pages\/107\/revisions"}],"predecessor-version":[{"id":624,"href":"https:\/\/socioforma.si\/en\/wp-json\/wp\/v2\/pages\/107\/revisions\/624"}],"wp:attachment":[{"href":"https:\/\/socioforma.si\/en\/wp-json\/wp\/v2\/media?parent=107"}],"curies":[{"name":"wp","href":"https:\/\/api.w.org\/{rel}","templated":true}]}}