{"id":104,"date":"2025-09-13T18:19:32","date_gmt":"2025-09-13T18:19:32","guid":{"rendered":"https:\/\/socioforma.si\/?page_id=104"},"modified":"2025-11-09T17:59:14","modified_gmt":"2025-11-09T17:59:14","slug":"delavnice","status":"publish","type":"page","link":"https:\/\/socioforma.si\/en\/delavnice\/","title":{"rendered":"Delavnice in izobra\u017eevanje"},"content":{"rendered":"<details class=\"wp-block-details is-layout-flow wp-block-details-is-layout-flow\"><summary>Osnovna sprostitvena delavnica<\/summary>\n<p>Osnovna sprostitvena delavnica je namenjena vsem, ki bi radi brez vsakr\u0161nega predznanja raziskovali svoj glas v varnem in spro\u0161\u010denem okolju.<br><br><br>Vsak glas je lep in edinstven. Na\u0161 glas je izjemen zdravilec v nas. Podro\u010dje grla in glasu je eno izmed najbolj obremenjenih delov na\u0161ega fizi\u010dnega in energetskega telesa. Od zgodnjega otro\u0161tva, ko za\u010dnemo govoriti in nas okolica \u00bbvzgoji\u00ab, da \u00bbutihnemo\u00ab, se na\u0161 glas omeji zgolj na priu\u010den jezik v govornem razponu, ki obsega le nekaj tonov. Posledi\u010dno na\u0161e mi\u0161ice pozabijo na zmo\u017enosti s katerimi se rodimo. Glas velikokrat postane nefleksibilen, \u0161ibak, prepihan,\u2026 Lahko se pojavi strah pred njegovo jakostjo, pred tem, da bomo (ne-)sli\u0161ani, ali da bomo zveneli narobe. Tako se v grlu vsakodnevno kopi\u010di veliko neizre\u010denega in neizra\u017eenega, ali se skozenj celo izliva preve\u010d. Oboje lahko vodi do tenzij v mi\u0161icah in nepreto\u010dnosti ali iz\u010drpanosti energijskega telesa.\u00a0<br>S \u010duje\u010dim opazovanjem glasu skozi telo in dihanje, bomo tokom delavnice usmerili pozornost v \u010dustvene in fizi\u010dne zadr\u017eke, ki vplivajo na na\u0161e svobodno glasovno izra\u017eanje in jih za\u010deli po\u010dasi meh\u010dati ter ciljano spro\u0161\u010dati.<br>\u200b<br>Trajanje: 60min<br>Cena: 390\u20ac\/skupina<br>\u200b<br>Dopla\u010dilo v primeru zakupa prostora: 150\u20ac<\/p>\n<\/details>\n\n\n\n<details class=\"wp-block-details is-layout-flow wp-block-details-is-layout-flow\"><summary>Napredna delavnica za delo z glasom<\/summary>\n<p>Napredna delavnica za delo z glasom je namenjena vsem, ki gojite ljubezen do petja, glasovnega izra\u017eanja in ustvarjanja.\u00a0<br>Morda \u017ee pojete in bi \u017eeleli pridobiti dodatno znanje s podro\u010dja pravilne dihalne ter pevske tehnike. Ali spadate med tiste, ki ne (z)morete peti oz. zaznavate, da imate te\u017eave na podro\u010dju grla in melodi\u010dnega izra\u017eanja, \u017eelite osvoboditi prepri\u010danja o svojem glasu, se sprostiti v lastnem petju in polju ustvarjanja.<br><br><br>V proces se prepustimo skozi spoznavanje in izku\u0161anje celostne povezave med telesom, dihom in glasom. V skupini bomo raziskovali kaj vse se skriva v na\u0161em grlu in na kak\u0161ne na\u010dine se lahko izrazimo skozenj. Predstavljene bodo telesne, dihalne in glasovne vaje, ki so povezane z meh\u010danjem mi\u0161ic, \u010dutenjem podpore, pravilnim dihanjem in zdravim tvorjenjem glasu.\u00a0<br>Izkusili bomo usmerjeno in harmoni\u010dno povezovanje glasov in pa raziskovanje skozi prosto improvizacijo, kontrast med resonan\u010dno mo\u010djo skupine in solisti\u010dnim glasbenim vlo\u017ekom posameznika. <\/p>\n\n\n\n<p>Trajanje: 120min<br>Cena: 520\u20ac\/skupina<br>\u200b<br>Dopla\u010dilo v primeru zakupa prostora 150\u20ac.\u00a0<\/p>\n<\/details>\n\n\n\n<details class=\"wp-block-details is-layout-flow wp-block-details-is-layout-flow\"><summary>Te\u010daj za delo z glasom<\/summary>\n<p>Te\u010daj za delo z glasom je dvo-mese\u010dno raziskovanje in u\u010denje tehnik glasovnega izra\u017eanja, petja in dihanja. Te\u010daj je sestavljen iz \u0161estih (6) modulov skozi katere boste odkrivali osnove glasovnega in glasbenega izra\u017eanja, spoznali osnovne glasbene tehnike za delo z glasom, se opolnomo\u010dili s prakti\u010dnimi vajami za povezovanje telesa-emocij-uma, ter ustvarjali in oblikovali svoj edinstven pristop pri uporabi va\u0161ega glasu. Te\u010daj je namenjen tistim, ki vstopajo v svet glasovnega izra\u017eanja (bodisi lai\u010dno kot profesionalno), kot izku\u0161enim posameznikom. Te\u010daj se izvaja v skupini.<br>\u200b<br>Trajanje te\u010daja 2 meseca; 1x-2x na teden<br>Trajanje vsakega sre\u010danja: 120min<br>Cena te\u010daja za skupino: 3120\u20ac<br>\u200b<br>Dopla\u010dilo v primeru zakupa prostora 150\u20ac.<\/p>\n<\/details>\n\n\n\n<p><br>\u200b<br><\/p>","protected":false},"excerpt":{"rendered":"<p>\u200b<\/p>","protected":false},"author":1,"featured_media":0,"parent":0,"menu_order":0,"comment_status":"closed","ping_status":"closed","template":"page-no-title","meta":{"_uag_custom_page_level_css":"","footnotes":""},"class_list":["post-104","page","type-page","status-publish","hentry"],"blocksy_meta":[],"uagb_featured_image_src":{"full":false,"thumbnail":false,"medium":false,"medium_large":false,"large":false,"1536x1536":false,"2048x2048":false,"trp-custom-language-flag":false},"uagb_author_info":{"display_name":"Socioforma","author_link":"https:\/\/socioforma.si\/en\/author\/socioforma\/"},"uagb_comment_info":0,"uagb_excerpt":"\u200b","_links":{"self":[{"href":"https:\/\/socioforma.si\/en\/wp-json\/wp\/v2\/pages\/104","targetHints":{"allow":["GET"]}}],"collection":[{"href":"https:\/\/socioforma.si\/en\/wp-json\/wp\/v2\/pages"}],"about":[{"href":"https:\/\/socioforma.si\/en\/wp-json\/wp\/v2\/types\/page"}],"author":[{"embeddable":true,"href":"https:\/\/socioforma.si\/en\/wp-json\/wp\/v2\/users\/1"}],"replies":[{"embeddable":true,"href":"https:\/\/socioforma.si\/en\/wp-json\/wp\/v2\/comments?post=104"}],"version-history":[{"count":7,"href":"https:\/\/socioforma.si\/en\/wp-json\/wp\/v2\/pages\/104\/revisions"}],"predecessor-version":[{"id":637,"href":"https:\/\/socioforma.si\/en\/wp-json\/wp\/v2\/pages\/104\/revisions\/637"}],"wp:attachment":[{"href":"https:\/\/socioforma.si\/en\/wp-json\/wp\/v2\/media?parent=104"}],"curies":[{"name":"wp","href":"https:\/\/api.w.org\/{rel}","templated":true}]}}